{"id":15,"date":"2010-04-21T00:13:35","date_gmt":"2010-04-20T21:13:35","guid":{"rendered":"http:\/\/bbl.digitalwords.net\/?page_id=15"},"modified":"2010-11-02T08:01:17","modified_gmt":"2010-11-02T06:01:17","slug":"2-2","status":"publish","type":"page","link":"https:\/\/bbl.digitalwords.net\/?page_id=15","title":{"rendered":"\u00d7\u00a9\u00d7\u00a4\u00d7\u2022\u00d7\u00aa\u00d6\u00be\u00d7\u017e\u00d7\u00a7\u00d7\u2022\u00d7\u00a8"},"content":{"rendered":"<p>\u00d7\u0153\u00d7\u201d\u00d7\u0153\u00d7\u0178 \u00d7\u00a8\u00d7\u00a9\u00d7\u2122\u00d7\u017e\u00d7\u201d \u00d7\u00a9\u00d7\u0153 \u00d7\u00a9\u00d7\u00a4\u00d7\u2022\u00d7\u00aa \u00d7\u00a9\u00d7\u0090\u00d7\u00a0\u00d7\u00a9\u00d7\u2122\u00d7\u009d \u00d7\u201d\u00d7\u00a6\u00d7\u2122\u00d7\u00a2\u00d7\u2022 \u00d7\u0153\u00d7\u00aa\u00d7\u00a8\u00d7\u2019\u00d7\u009d \u00d7\u017e\u00d7\u201d\u00d7\u0178. \u00d7\u0090\u00d7\u00a0\u00d7\u2122 \u00d7\u017e\u00d7\u00a7\u00d7\u2022\u00d7\u2022\u00d7\u201d \u00d7\u00a9\u00d7\u0090\u00d7\u203a\u00d7\u0178 \u00d7\u203a\u00d7\u0153 \u00d7\u017e\u00d7\u2122 \u00d7\u00a9\u00d7\u201d\u00d7\u00a6\u00d7\u2122\u00d7\u00a2 \u00d7\u0153\u00d7\u00aa\u00d7\u00a8\u00d7\u2019\u00d7\u009d \u00d7\u2018\u00d7\u0090\u00d7\u017e\u00d7\u00aa \u00d7\u2122\u00d7\u00aa\u00d7\u00a8\u00d7\u2019\u00d7\u009d\u00e2\u20ac\u00a6 \u00d7\u0090\u00d7\u0153 \u00d7\u00aa\u00d7\u201d\u00d7\u00a1\u00d7\u00a1\u00d7\u2022 <a href=\"?page_id=6\">\u00d7\u0153\u00d7\u201d\u00d7\u00a6\u00d7\u2122\u00d7\u00a2 \u00d7\u00aa\u00d7\u00a8\u00d7\u2019\u00d7\u2022\u00d7\u009d<\/a> \u00d7\u017e\u00d7\u00a9\u00d7\u00a4\u00d7\u201d \u00d7\u00a9\u00d7\u203a\u00d7\u2018\u00d7\u00a8 \u00d7\u201d\u00d7\u2022\u00d7\u00a6\u00d7\u00a2 \u00d7\u00aa\u00d7\u00a8\u00d7\u2019\u00d7\u2022\u00d7\u009d \u00d7\u017e\u00d7\u017e\u00d7\u00a0\u00d7\u201d, \u00d7\u017e\u00d7\u00a9\u00d7\u00aa\u00d7\u2122 \u00d7\u00a1\u00d7\u2122\u00d7\u2018\u00d7\u2022\u00d7\u00aa: \u00d7\u2122\u00d7\u00a9 \u00d7\u017e\u00d7\u00a1\u00d7\u00a4\u00d7\u2122\u00d7\u00a7 \u00d7\u0153\u00d7\u203a\u00d7\u2022\u00d7\u0153\u00d7\u009d, \u00d7\u2022\u00d7\u00a1\u00d7\u2018\u00d7\u2122\u00d7\u00a8 \u00d7\u0153\u00d7\u201d\u00d7\u00a0\u00d7\u2122\u00d7\u2014 \u00d7\u00a9\u00d7\u201d\u00d7\u00aa\u00d7\u00a7\u00d7\u2022\u00d7\u2022\u00d7\u201d \u00d7\u00a9\u00d7\u2018\u00d7\u017e\u00d7\u00a9\u00d7\u00a4\u00d7\u02dc \u00d7\u201d\u00d7\u00a7\u00d7\u2022\u00d7\u201c\u00d7\u009d \u00d7\u0153\u00d7\u0090 \u00d7\u017e\u00d7\u00a2\u00d7\u2022\u00d7\u2019\u00d7\u00a0\u00d7\u00aa \u00d7\u2018\u00d7\u017e\u00d7\u00a6\u00d7\u2122\u00d7\u0090\u00d7\u2022\u00d7\u00aa\u00e2\u20ac\u00a6<br \/>\n\u00d7\u203a\u00d7\u017e\u00d7\u2022 \u00d7\u00a9\u00d7\u0090\u00d7\u00aa\u00d7\u009d \u00d7\u2122\u00d7\u203a\u00d7\u2022\u00d7\u0153\u00d7\u2122\u00d7\u009d \u00d7\u0153\u00d7\u00a8\u00d7\u0090\u00d7\u2022\u00d7\u00aa, \u00d7\u2122\u00d7\u00a9 \u00d7\u0090\u00d7\u2122\u00d7\u2013\u00d7\u2022\u00d7\u00a8\u00d7\u2122\u00d7\u009d \u00d7\u2019\u00d7\u2122\u00d7\u0090\u00d7\u2022\u00d7\u2019\u00d7\u00a8\u00d7\u00a4\u00d7\u2122\u00d7\u2122\u00d7\u009d, \u00d7\u0090\u00d7\u017e\u00d7\u00a8\u00d7\u2122\u00d7\u00a7\u00d7\u201d \u00d7\u0153\u00d7\u201c\u00d7\u2022\u00d7\u2019\u00d7\u017e\u00d7\u201d, \u00d7\u00a9\u00d7\u00a2\u00d7\u201c\u00d7\u2122\u00d7\u2122\u00d7\u0178 \u00d7\u2014\u00d7\u00a1\u00d7\u00a8\u00d7\u2122\u00d7\u009d \u00e2\u20ac\u201d \u00d7\u0090\u00d7\u00aa\u00d7\u009d \u00d7\u017e\u00d7\u2022\u00d7\u2013\u00d7\u017e\u00d7\u00a0\u00d7\u2122\u00d7\u009d \u00d7\u2018\u00d7\u201d\u00d7\u2014\u00d7\u0153\u00d7\u02dc <a href=\"?page_id=6\">\u00d7\u0153\u00d7\u00a9\u00d7\u0153\u00d7\u2022\u00d7\u2014 \u00d7\u00aa\u00d7\u00a8\u00d7\u2019\u00d7\u2022\u00d7\u009d<\/a> \u00d7\u017e\u00d7\u00a9\u00d7\u00a4\u00d7\u2022\u00d7\u00aa \u00d7\u00a9\u00d7\u0153\u00d7\u0090 \u00d7\u2013\u00d7\u203a\u00d7\u2022 \u00d7\u0153\u00d7\u2122\u00d7\u2122\u00d7\u00a6\u00d7\u2022\u00d7\u2019.<br \/>\n\u00d7\u203a\u00d7\u2022\u00d7\u203a\u00d7\u2018\u00d7\u2122\u00d7\u00aa \u00d7\u017e\u00d7\u00a1\u00d7\u017e\u00d7\u00a0\u00d7\u00aa \u00d7\u00a9\u00d7\u00a4\u00d7\u201d \u00d7\u017e\u00d7\u00aa\u00d7\u201d \u00d7\u0090\u00d7\u2022 \u00d7\u00a9\u00d7\u0153\u00d7\u2018 \u00d7\u0153\u00d7\u00a9\u00d7\u2022\u00d7\u0178 \u00d7\u00a9\u00d7\u00a2\u00d7\u2018\u00d7\u00a8.<\/p>\n<p>\u00d7\u0090\u00d7\u00a1\u00d7\u2122\u00d7\u201d:<\/p>\n<ul>\n<li><a href=\"http:\/\/en.wikipedia.org\/wiki\/Awadhi\">\u00d7\u0090\u00d7\u2022\u00d7\u2022\u00d7\u201c\u00d7\u201d\u00d7\u2122<\/a> (\u00e0\u00a4\u2026\u00e0\u00a4\u00b5\u00e0\u00a4\u00a7\u00e0\u00a5\u20ac): \u00d7\u2018\u00d7\u2019\u00d7\u0153\u00d7\u2122\u00d7\u2022\u00d7\u0178 2<\/li>\n<li><a href=\"http:\/\/en.wikipedia.org\/wiki\/Neo-Aramaic_languages\">\u00d7\u0090\u00d7\u00a8\u00d7\u017e\u00d7\u2122\u00d7\u00aa \u00d7\u2014\u00d7\u201c\u00d7\u00a9\u00d7\u201d<\/a>: \u00d7\u0090\u00d7\u2022\u00d7\u00a8\u00d7\u017e\u00d7\u2122<\/li>\n<li><a href=\"http:\/\/en.wikipedia.org\/wiki\/Babylonian_language\">\u00d7\u2018\u00d7\u2018\u00d7\u0153\u00d7\u2122\u00d7\u00aa<\/a>* (\u00f0\u2019\u20ac\u009d\u00f0\u2019\u201a\u00b5\u00f0\u2019\u0152\u02c6): \u00d7\u2018\u00d7\u2019\u00d7\u0153\u00d7\u2122\u00d7\u2022\u00d7\u0178 <a href=\"?p=28\">1<\/a><\/li>\n<li><a href=\"http:\/\/hi.wikipedia.org\/wiki\/%E0%A4%B9%E0%A4%BF%E0%A4%A8%E0%A5%8D%E0%A4%A6%E0%A5%80\">\u00d7\u201d\u00d7\u2122\u00d7\u00a0\u00d7\u201c\u00d7\u2122<\/a> (\u00e0\u00a4\u00b9\u00e0\u00a4\u00bf\u00e0\u00a4\u00a8\u00e0\u00a5\u008d\u00e0\u00a4\u00a6\u00e0\u00a5\u20ac)<\/li>\n<li><a href=\"http:\/\/en.wikipedia.org\/wiki\/Classical_Tibetan\">\u00d7\u02dc\u00d7\u2122\u00d7\u2018\u00d7\u02dc\u00d7\u2122\u00d7\u00aa \u00d7\u00a7\u00d7\u0153\u00d7\u0090\u00d7\u00a1\u00d7\u2122\u00d7\u00aa<\/a>*<\/li>\n<li><a href=\"http:\/\/ml.wikipedia.org\/wiki\/\u00e0\u00b4\u00ae\u00e0\u00b4\u00b2\u00e0\u00b4\u00af\u00e0\u00b4\u00be\u00e0\u00b4\u00b3\u00e0\u00b4\u201a\">\u00d7\u017e\u00d7\u0090\u00d7\u0153\u00d7\u0090\u00d7\u2122\u00d7\u0090\u00d7\u0153\u00d7\u0090\u00d7\u009d<\/a> (\u00e0\u00b4\u00ae\u00e0\u00b4\u00b2\u00e0\u00b4\u00af\u00e0\u00b4\u00be\u00e0\u00b4\u00b3)<\/li>\n<li><a href=\"http:\/\/arc.wikipedia.org\/wiki\/\u00dc\u00a0\u00dc\u00ab\u00dc\u00a2\u00dc\u0090_\u00dc\u00a3\u00dc\u02dc\u00dc\u00aa\u00dc\u009d\u00dc\u009d\u00dc\u0090\">\u00d7\u00a1\u00d7\u2022\u00d7\u00a8\u00d7\u2122\u00d7\u00aa<\/a>* (\u00dc\u00a0\u00dc\u00ab\u00dc\u00a2\u00dc\u0090 \u00dc\u00a3\u00dc\u02dc\u00dc\u00aa\u00dc\u009d\u00dc\u009d\u00dc\u0090)<\/li>\n<li><a href=\"http:\/\/en.wikipedia.org\/wiki\/Classical_Arabic\">\u00d7\u00a2\u00d7\u00a8\u00d7\u2018\u00d7\u2122\u00d7\u00aa \u00d7\u00a7\u00d7\u0153\u00d7\u0090\u00d7\u00a1\u00d7\u2122\u00d7\u00aa<\/a>*<\/li>\n<li><a href=\"http:\/\/en.wikipedia.org\/wiki\/Middle_Persian\">\u00d7\u00a4\u00d7\u00a8\u00d7\u00a1\u00d7\u2122\u00d7\u00aa \u00d7\u00aa\u00d7\u2122\u00d7\u203a\u00d7\u2022\u00d7\u00a0\u00d7\u201d<\/a>* (P\u00c3\u00a2rsig)<\/li>\n<li><a href=\"http:\/\/en.wikipedia.org\/wiki\/Sumerian_language\">\u00d7\u00a9\u00d7\u2022\u00d7\u017e\u00d7\u00a8\u00d7\u2122\u00d7\u00aa<\/a>* (\u00f0\u2019\u2026\u00b4\u00f0\u2019\u201a\u00a0)<\/li>\n<\/ul>\n<p>\u00d7\u0090\u00d7\u2122\u00d7\u00a8\u00d7\u2022\u00d7\u00a4\u00d7\u201d:<\/p>\n<ul>\n<li><a href=\"http:\/\/oc.wikipedia.org\/wiki\/Occitan\">\u00d7\u0090\u00d7\u2022\u00d7\u00a7\u00d7\u00a1\u00d7\u2122\u00d7\u02dc\u00d7\u00a0\u00d7\u2122\u00d7\u00aa<\/a> (Occitan)<\/li>\n<li><a href=\"http:\/\/ga.wikipedia.org\/wiki\/An_Ghaeilge\">\u00d7\u0090\u00d7\u2122\u00d7\u00a8\u00d7\u2122\u00d7\u00aa<\/a> (Gaeilge)<\/li>\n<li><a href=\"http:\/\/ang.wikipedia.org\/wiki\/%C3%86nglisc_spr%C7%A3c\">\u00d7\u0090\u00d7\u00a0\u00d7\u2019\u00d7\u0153\u00d7\u2122\u00d7\u00aa \u00d7\u00a2\u00d7\u00aa\u00d7\u2122\u00d7\u00a7\u00d7\u201d<\/a>* (\u00c3\u2020nglisc)<\/li>\n<li><a href=\"http:\/\/en.wikipedia.org\/wiki\/Middle_English\">\u00d7\u0090\u00d7\u00a0\u00d7\u2019\u00d7\u0153\u00d7\u2122\u00d7\u00aa \u00d7\u00aa\u00d7\u2122\u00d7\u203a\u00d7\u2022\u00d7\u00a0\u00d7\u201d<\/a>* (Englisce)<\/li>\n<li><a href=\"http:\/\/cy.wikipedia.org\/wiki\/Cymraeg\">\u00d7\u2022\u00d7\u2022\u00d7\u0153\u00d7\u00a9\u00d7\u2122\u00d7\u00aa<\/a> (Cymraeg): \u00d7\u2018\u00d7\u2019\u00d7\u0153\u00d7\u2122\u00d7\u2022\u00d7\u0178 2<\/li>\n<li><a href=\"http:\/\/tr.wikipedia.org\/wiki\/T%C3%BCrk%C3%A7e\">\u00d7\u02dc\u00d7\u2022\u00d7\u00a8\u00d7\u00a7\u00d7\u2122\u00d7\u00aa<\/a> (T\u00c3\u00bcrk\u00c3\u00a7e): \u00d7\u2018\u00d7\u2019\u00d7\u0153\u00d7\u2122\u00d7\u2022\u00d7\u0178 <a href=\"?p=28\">1<\/a><\/li>\n<li><a href=\"http:\/\/ca.wikipedia.org\/wiki\/Catal%C3%A0\">\u00d7\u00a7\u00d7\u02dc\u00d7\u0153\u00d7\u00a0\u00d7\u2122\u00d7\u00aa<\/a> (catal\u00c3\u00a0): \u00d7\u2018\u00d7\u2019\u00d7\u0153\u00d7\u2122\u00d7\u2022\u00d7\u0178 2<\/li>\n<\/ul>\n<p>\u00d7\u0090\u00d7\u00a4\u00d7\u00a8\u00d7\u2122\u00d7\u00a7\u00d7\u201d:<\/p>\n<ul>\n<li><a href=\"http:\/\/am.wikipedia.org\/wiki\/%E1%8A%A0%E1%88%9B%E1%88%AD%E1%8A%9B\">\u00d7\u0090\u00d7\u017e\u00d7\u201d\u00d7\u00a8\u00d7\u2122\u00d7\u00aa<\/a> (\u00e1\u0160\u00a0\u00e1\u02c6\u203a\u00e1\u02c6\u00ad\u00e1\u0160\u203a)<\/li>\n<li><a href=\"http:\/\/en.wikipedia.org\/wiki\/Chaha_language\">\u00d7\u00a6&#8217;\u00d7\u2014\u00d7\u0090<\/a> (\u00e1\u2030\u00b8\u00e1\u02c6\u0192): \u00d7\u2018\u00d7\u2019\u00d7\u0153\u00d7\u2122\u00d7\u2022\u00d7\u0178 <a href=\"?p=28\">1<\/a><\/li>\n<li><a href=\"http:\/\/en.wikipedia.org\/wiki\/Coptic_language\">\u00d7\u00a7\u00d7\u2022\u00d7\u00a4\u00d7\u02dc\u00d7\u2122\u00d7\u00aa<\/a>* (\u00e2\u00b2\u2122\u00e2\u00b2\u203a\u00e2\u00b2\u00a7\u00e2\u00b2\u00a3\u00e2\u00b2\u2122\u00e2\u00b2\u203a\u00e2\u00b2\u2022\u00e2\u00b2\u008f\u00e2\u00b2\u2122\u00e2\u00b2\u2030)<\/li>\n<\/ul>\n<p>\u00d7\u0090\u00d7\u2022\u00d7\u00a7\u00d7\u2122\u00d7\u0090\u00d7\u00a0\u00d7\u2122\u00d7\u201d:<\/p>\n<ul>\n<li>\u00d7\u00a9\u00d7\u00a4\u00d7\u201d <a href=\"http:\/\/en.wikipedia.org\/wiki\/Austronesian_languages\">\u00d7\u0090\u00d7\u2022\u00d7\u00a1\u00d7\u02dc\u00d7\u00a8\u00d7\u2022\u00d7\u00a0\u00d7\u2013\u00d7\u2122\u00d7\u00aa<\/a> \u00d7\u017e\u00d7\u00a1\u00d7\u2022\u00d7\u2122\u00d7\u2122\u00d7\u017e\u00d7\u00aa (<a href=\"http:\/\/en.wiktionary.org\/wiki\/TBA#Initialism\">TBA<\/a> \u00d7\u0090\u00d7\u2122\u00d7\u2013\u00d7\u2022 \u00d7\u2018\u00d7\u201c\u00d7\u2122\u00d7\u2022\u00d7\u00a7)<\/li>\n<\/ul>\n<p>\u00d7\u203a\u00d7\u0153\u00d7\u0153\u00d6\u00be\u00d7\u00a2\u00d7\u2022\u00d7\u0153\u00d7\u017e\u00d7\u2122\u00d7\u2022\u00d7\u00aa:<\/p>\n<ul>\n<li><a href=\"http:\/\/eo.wikipedia.org\/wiki\/Esperanto\">\u00d7\u0090\u00d7\u00a1\u00d7\u00a4\u00d7\u00a8\u00d7\u00a0\u00d7\u02dc\u00d7\u2022<\/a> (Esperanto): \u00d7\u2018\u00d7\u2019\u00d7\u0153\u00d7\u2122\u00d7\u2022\u00d7\u0178 <a href=\"?p=28\">1<\/a><\/li>\n<\/ul>\n","protected":false},"excerpt":{"rendered":"<p>\u00d7\u0153\u00d7\u201d\u00d7\u0153\u00d7\u0178 \u00d7\u00a8\u00d7\u00a9\u00d7\u2122\u00d7\u017e\u00d7\u201d \u00d7\u00a9\u00d7\u0153 \u00d7\u00a9\u00d7\u00a4\u00d7\u2022\u00d7\u00aa \u00d7\u00a9\u00d7\u0090\u00d7\u00a0\u00d7\u00a9\u00d7\u2122\u00d7\u009d \u00d7\u201d\u00d7\u00a6\u00d7\u2122\u00d7\u00a2\u00d7\u2022 \u00d7\u0153\u00d7\u00aa\u00d7\u00a8\u00d7\u2019\u00d7\u009d \u00d7\u017e\u00d7\u201d\u00d7\u0178. \u00d7\u0090\u00d7\u00a0\u00d7\u2122 \u00d7\u017e\u00d7\u00a7\u00d7\u2022\u00d7\u2022\u00d7\u201d \u00d7\u00a9\u00d7\u0090\u00d7\u203a\u00d7\u0178 \u00d7\u203a\u00d7\u0153 \u00d7\u017e\u00d7\u2122 \u00d7\u00a9\u00d7\u201d\u00d7\u00a6\u00d7\u2122\u00d7\u00a2 \u00d7\u0153\u00d7\u00aa\u00d7\u00a8\u00d7\u2019\u00d7\u009d \u00d7\u2018\u00d7\u0090\u00d7\u017e\u00d7\u00aa \u00d7\u2122\u00d7\u00aa\u00d7\u00a8\u00d7\u2019\u00d7\u009d\u00e2\u20ac\u00a6 \u00d7\u0090\u00d7\u0153 \u00d7\u00aa\u00d7\u201d\u00d7\u00a1\u00d7\u00a1\u00d7\u2022 \u00d7\u0153\u00d7\u201d\u00d7\u00a6\u00d7\u2122\u00d7\u00a2 \u00d7\u00aa\u00d7\u00a8\u00d7\u2019\u00d7\u2022\u00d7\u009d \u00d7\u017e\u00d7\u00a9\u00d7\u00a4\u00d7\u201d \u00d7\u00a9\u00d7\u203a\u00d7\u2018\u00d7\u00a8 \u00d7\u201d\u00d7\u2022\u00d7\u00a6\u00d7\u00a2 \u00d7\u00aa\u00d7\u00a8\u00d7\u2019\u00d7\u2022\u00d7\u009d \u00d7\u017e\u00d7\u017e\u00d7\u00a0\u00d7\u201d, \u00d7\u017e\u00d7\u00a9\u00d7\u00aa\u00d7\u2122 \u00d7\u00a1\u00d7\u2122\u00d7\u2018\u00d7\u2022\u00d7\u00aa: \u00d7\u2122\u00d7\u00a9 \u00d7\u017e\u00d7\u00a1\u00d7\u00a4\u00d7\u2122\u00d7\u00a7 \u00d7\u0153\u00d7\u203a\u00d7\u2022\u00d7\u0153\u00d7\u009d, \u00d7\u2022\u00d7\u00a1\u00d7\u2018\u00d7\u2122\u00d7\u00a8 \u00d7\u0153\u00d7\u201d\u00d7\u00a0\u00d7\u2122\u00d7\u2014 \u00d7\u00a9\u00d7\u201d\u00d7\u00aa\u00d7\u00a7\u00d7\u2022\u00d7\u2022\u00d7\u201d \u00d7\u00a9\u00d7\u2018\u00d7\u017e\u00d7\u00a9\u00d7\u00a4\u00d7\u02dc \u00d7\u201d\u00d7\u00a7\u00d7\u2022\u00d7\u201c\u00d7\u009d \u00d7\u0153\u00d7\u0090 \u00d7\u017e\u00d7\u00a2\u00d7\u2022\u00d7\u2019\u00d7\u00a0\u00d7\u00aa \u00d7\u2018\u00d7\u017e\u00d7\u00a6\u00d7\u2122\u00d7\u0090\u00d7\u2022\u00d7\u00aa\u00e2\u20ac\u00a6 \u00d7\u203a\u00d7\u017e\u00d7\u2022 \u00d7\u00a9\u00d7\u0090\u00d7\u00aa\u00d7\u009d \u00d7\u2122\u00d7\u203a\u00d7\u2022\u00d7\u0153\u00d7\u2122\u00d7\u009d \u00d7\u0153\u00d7\u00a8\u00d7\u0090\u00d7\u2022\u00d7\u00aa, \u00d7\u2122\u00d7\u00a9 \u00d7\u0090\u00d7\u2122\u00d7\u2013\u00d7\u2022\u00d7\u00a8\u00d7\u2122\u00d7\u009d \u00d7\u2019\u00d7\u2122\u00d7\u0090\u00d7\u2022\u00d7\u2019\u00d7\u00a8\u00d7\u00a4\u00d7\u2122\u00d7\u2122\u00d7\u009d, \u00d7\u0090\u00d7\u017e\u00d7\u00a8\u00d7\u2122\u00d7\u00a7\u00d7\u201d \u00d7\u0153\u00d7\u201c\u00d7\u2022\u00d7\u2019\u00d7\u017e\u00d7\u201d, \u00d7\u00a9\u00d7\u00a2\u00d7\u201c\u00d7\u2122\u00d7\u2122\u00d7\u0178 \u00d7\u2014\u00d7\u00a1\u00d7\u00a8\u00d7\u2122\u00d7\u009d \u00e2\u20ac\u201d \u00d7\u0090\u00d7\u00aa\u00d7\u009d \u00d7\u017e\u00d7\u2022\u00d7\u2013\u00d7\u017e\u00d7\u00a0\u00d7\u2122\u00d7\u009d \u00d7\u2018\u00d7\u201d\u00d7\u2014\u00d7\u0153\u00d7\u02dc \u00d7\u0153\u00d7\u00a9\u00d7\u0153\u00d7\u2022\u00d7\u2014 [&hellip;]<\/p>\n","protected":false},"author":1,"featured_media":0,"parent":14,"menu_order":0,"comment_status":"open","ping_status":"open","template":"","meta":[],"_links":{"self":[{"href":"https:\/\/bbl.digitalwords.net\/index.php?rest_route=\/wp\/v2\/pages\/15"}],"collection":[{"href":"https:\/\/bbl.digitalwords.net\/index.php?rest_route=\/wp\/v2\/pages"}],"about":[{"href":"https:\/\/bbl.digitalwords.net\/index.php?rest_route=\/wp\/v2\/types\/page"}],"author":[{"embeddable":true,"href":"https:\/\/bbl.digitalwords.net\/index.php?rest_route=\/wp\/v2\/users\/1"}],"replies":[{"embeddable":true,"href":"https:\/\/bbl.digitalwords.net\/index.php?rest_route=%2Fwp%2Fv2%2Fcomments&post=15"}],"version-history":[{"count":0,"href":"https:\/\/bbl.digitalwords.net\/index.php?rest_route=\/wp\/v2\/pages\/15\/revisions"}],"up":[{"embeddable":true,"href":"https:\/\/bbl.digitalwords.net\/index.php?rest_route=\/wp\/v2\/pages\/14"}],"wp:attachment":[{"href":"https:\/\/bbl.digitalwords.net\/index.php?rest_route=%2Fwp%2Fv2%2Fmedia&parent=15"}],"curies":[{"name":"wp","href":"https:\/\/api.w.org\/{rel}","templated":true}]}}