{"id":37,"date":"2010-09-22T15:52:19","date_gmt":"2010-09-22T13:52:19","guid":{"rendered":"http:\/\/bbl.digitalwords.net\/?page_id=37"},"modified":"2010-12-17T08:55:32","modified_gmt":"2010-12-17T06:55:32","slug":"%d7%9e%d7%93%d7%99%d7%94","status":"publish","type":"page","link":"https:\/\/bbl.digitalwords.net\/?page_id=37","title":{"rendered":"\u00d7\u017e\u00d7\u201c\u00d7\u2122\u00d7\u201d"},"content":{"rendered":"<p>\u00d7\u0090\u00d7\u009d \u00d7\u2014\u00d7\u00a1\u00d7\u00a8 \u00d7\u0090\u00d7\u2013\u00d7\u203a\u00d7\u2022\u00d7\u00a8 \u00d7\u2018\u00d7\u00a8\u00d7\u00a9\u00d7\u2122\u00d7\u017e\u00d7\u201d, \u00d7\u2018\u00d7\u2018\u00d7\u00a7\u00d7\u00a9\u00d7\u201d \u00d7\u2122\u00d7\u201c\u00d7\u00a2\u00d7\u2022 <a href=\"http:\/\/me.digitalwords.net\">\u00d7\u0090\u00d7\u2022\u00d7\u00aa\u00d7\u2122<\/a>.<\/p>\n<style>\n\ttable.media {\n\t\tborder-collapse: collapse;\n\t}\n\ttable.media td,th {\n\t\tpadding: 3px;\n\t\tborder: 1px #CCC solid;\n\t\tborder-collapse: collapse;\n\t\tbackground: #F0F0F0;\n\t\ttext-align: justify;\n\t\tfont-size: 1.25em;\n\t}\t\n\ttable.media th {\n\t\tbackground: #DDD;\n\t}\n<\/style>\n<table class=\"media\">\n<tr>\n<td>2010\/12\/12<\/td>\n<td><\/td>\n<td><a href=\"wp\/wp-content\/uploads\/2010\/09\/37-2010-12-12.jpg\">\u00d7\u00a1\u00d7\u2122\u00d7\u00a4\u00d7\u2022\u00d7\u00a8\u00d7\u2122\u00d7\u009d \u00d7\u00a9\u00d7\u0153 \u00d7\u0090\u00d7\u2014\u00d7\u00a8\u00d7\u2122\u00d7\u009d<\/a><\/td>\n<td>\u00d7\u2122\u00d7\u201c\u00d7\u2122\u00d7\u00a2\u00d7\u2022\u00d7\u00aa \u00d7\u0090\u00d7\u2014\u00d7\u00a8\u00d7\u2022\u00d7\u00a0\u00d7\u2022\u00d7\u00aa, \u00d7\u017e\u00d7\u017e\u00d7\u2022\u00d7\u0178, \u00d7\u017e\u00d7\u201c\u00d7\u2022\u00d7\u00a8 \u00d7\u201d\u00d7\u017e\u00d7\u2014\u00d7\u00a9\u00d7\u2018\u00d7\u2122\u00d7\u009d, \u00d7\u00a4\u00d7\u2122\u00d7\u2122\u00d7\u2018\u00d7\u2022\u00d7\u00a8\u00d7\u2122\u00d7\u02dc<\/td>\n<\/tr>\n<tr>\n<td>2010\/11\/15<br \/>2010\/11\/20<\/td>\n<td>\u00d7\u0090\u00d7\u00a4\u00d7\u00a8\u00d7\u00aa \u00d7\u2018\u00d7\u2013\u00d7\u00a8\u00d7\u00a7\u00d7\u2022\u00d7\u0178, <a href=\"http:\/\/tamarhoch.blogspot.com\/\">\u00d7\u00aa\u00d7\u017e\u00d7\u00a8 \u00d7\u201d\u00d7\u2022\u00d7\u203a\u00d7\u00a9\u00d7\u02dc\u00d7\u02dc\u00d7\u00a8<\/a>, <a href=\"http:\/\/me.digitalwords.net\">\u00d7\u2122\u00d7\u2022\u00d7\u201c\u00d7\u201d \u00d7\u00a8\u00d7\u2022\u00d7\u00a0\u00d7\u0178<\/a>, \u00d7\u2122\u00d7\u2022\u00d7\u00aa\u00d7\u00a8 \u00d7\u00a9\u00d7\u2022\u00d7\u2022\u00d7\u2122\u00d7\u017e\u00d7\u00a8<\/td>\n<td><a href=\"?p=42\">\u00d7\u203a\u00d7\u00aa\u00d7\u2018\u00d7\u2122\u00d6\u00be\u00d7\u00a2\u00d7\u00aa \u00d7\u017e\u00d7\u00a7\u00d7\u2022\u00d7\u2022\u00d7\u00a0\u00d7\u2122\u00d7\u009d<\/a><\/td>\n<td>\u00d7\u2018\u00d7\u00a1\u00d7\u2122\u00d7\u017e\u00d7\u0178 \u00d7\u00a7\u00d7\u00a8\u00d7\u2122\u00d7\u0090\u00d7\u201d, <a href=\"http:\/\/www.iba.org.il\/aleph\/\">\u00d7\u00a8\u00d7\u00a9\u00d7\u00aa \u00d7\u0090\u00d7\u00b3<\/a><\/td>\n<\/tr>\n<tr>\n<td>2010\/9\/27<\/td>\n<td>\u00d7\u2018\u00d7\u0178 \u00d7\u0153\u00d7\u2122<\/td>\n<td><a href=\"http:\/\/dagesh.wordpress.com\/2010\/09\/27\/%d7%91%d7%91%d7%9c-%d7%9b%d7%aa%d7%91-%d7%a2%d7%aa-%d7%9c%d7%aa%d7%a8%d7%92%d7%95%d7%9d-%d7%9e%d7%9c%d7%a9%d7%95%d7%a0%d7%95%d7%aa-%d7%94%d7%a2%d7%95%d7%9c%d7%9d\/\">\u00d7\u2018\u00d7\u2018\u00d7\u0153: \u00d7\u203a\u00d7\u00aa\u00d7\u2018 \u00d7\u00a2\u00d7\u00aa \u00d7\u0153\u00d7\u00aa\u00d7\u00a8\u00d7\u2019\u00d7\u2022\u00d7\u009d \u00d7\u017e\u00d7\u0153\u00d7\u00a9\u00d7\u2022\u00d7\u00a0\u00d7\u2022\u00d7\u00aa \u00d7\u201d\u00d7\u00a2\u00d7\u2022\u00d7\u0153\u00d7\u009d<\/a><\/td>\n<td><a href=\"http:\/\/dagesh.wordpress.com\/\">\u00d7\u201c\u00d7\u2019\u00d7\u00a9 \u00d7\u00a7\u00d7\u0153<\/a><\/td>\n<\/tr>\n<tr>\n<td>2010\/9\/25<\/td>\n<td>\u00d7\u2019\u00d7\u2122\u00d7\u0090\u00d7\u2014\u00d7\u201d<\/td>\n<td><a href=\"http:\/\/haoneg.com\/oneg\/7507\">\u00d7\u00a2\u00d7\u2022\u00d7\u00a0\u00d7\u2019 \u00d7\u00a9\u00d7\u2018\u00d7\u00aa: \u00d7\u0090\u00d7\u009d \u00d7\u203a\u00d7\u2018\u00d7\u00a8 \u00d7\u0153\u00d7\u00a4\u00d7\u00a8\u00d7\u2022\u00d7\u00a9 \u00d7\u0090\u00d7\u2013 \u00d7\u2018\u00d7\u00a1\u00d7\u2122\u00d7\u00a1\u00d7\u02dc*<\/a><\/td>\n<td><a href=\"http:\/\/haoneg.com\">\u00d7\u00a2\u00d7\u2022\u00d7\u00a0\u00d7\u2019 \u00d7\u00a9\u00d7\u2018\u00d7\u00aa<\/a><\/td>\n<\/tr>\n<tr>\n<td>2010\/9\/23<\/td>\n<td>\u00d7\u2014\u00d7\u017e\u00d7\u2022\u00d7\u02dc\u00d7\u0153 \u00d7\u2122\u00d7\u0153\u00d7\u2122\u00d7\u0178<\/td>\n<td><a href=\"http:\/\/www.tapuz.co.il\/blog\/viewEntry.asp?EntryId=1796127\">\u00d7\u00aa\u00d7\u00a8\u00d7\u2019\u00d7\u2022\u00d7\u017e\u00d7\u2122 \u00d7\u203a\u00d7\u0153 \u00d7\u201d\u00d7\u00a2\u00d7\u2022\u00d7\u0153\u00d7\u009d, \u00d7\u201d\u00d7\u00aa\u00d7\u0090\u00d7\u2014\u00d7\u201c\u00d7\u2022!<\/a><\/td>\n<td><a href=\"http:\/\/www.tapuz.co.il\/blog\/userBlog.asp?FolderName=blinikud\">\u00d7\u2018\u00d7\u0153\u00d7\u2122 \u00d7\u00a0\u00d7\u2122\u00d7\u00a7\u00d7\u2022\u00d7\u201c<\/a><\/td>\n<\/tr>\n<tr>\n<td>2010\/9\/22<\/td>\n<td>\u00d7\u201c\u00d7\u0178 \u00d7\u0090\u00d7\u0153\u00d7\u201d\u00d7\u00a8\u00d7\u00a8<\/td>\n<td><a href=\"http:\/\/lateignition.net\/wordpress\/?p=758\">\u00d7\u2018\u00d7\u2018\u00d7\u0153: \u00d7\u0090\u00d7\u2122\u00d7\u2013\u00d7\u201d \u00d7\u00a8\u00d7\u00a2\u00d7\u2122\u00d7\u2022\u00d7\u0178 \u00d7\u00a0\u00d7\u201d\u00d7\u201c\u00d7\u00a8!<\/a><\/td>\n<td><a href=\"http:\/\/lateignition.net\/\">\u00d7\u201d\u00d7\u00a6\u00d7\u00aa\u00d7\u201d \u00d7\u017e\u00d7\u0090\u00d7\u2022\u00d7\u2014\u00d7\u00a8\u00d7\u00aa<\/a><\/td>\n<\/tr>\n<tr>\n<td>2010\/9\/21<\/td>\n<td>\u00d7\u2122\u00d7\u00a2\u00d7\u0153 \u00d7\u203a\u00d7\u201d\u00d7\u00a0\u00d7\u0090<\/td>\n<td><a href=\"http:\/\/yaeltranslation.wordpress.com\/2010\/09\/21\/babel\/\">\u00d7\u2018\u00d7\u2018\u00d7\u0153: \u00d7\u203a\u00d7\u00aa\u00d7\u2018 \u00d7\u00a2\u00d7\u00aa \u00d7\u2014\u00d7\u201c\u00d7\u00a9 \u00d7\u0153\u00d7\u00aa\u00d7\u00a8\u00d7\u2019\u00d7\u2022\u00d7\u009d<\/a><\/td>\n<td><a href=\"http:\/\/yaeltranslation.wordpress.com\/\">\u00d7\u201d\u00d7\u00aa\u00d7\u00a8\u00d7\u2019\u00d7\u2022\u00d7\u017e\u00d7\u2122\u00d7\u201d<\/a><\/td>\n<\/tr>\n<tr>\n<td>2010\/9\/19<\/td>\n<td>\u00d7\u2122\u00d7\u00a0\u00d7\u2122\u00d7\u2018 \u00d7\u2019\u00d7\u2018\u00d7\u0090\u00d7\u2122-\u00d7\u017e\u00d7\u2122\u00d7\u0153\u00d7\u00a8<\/td>\n<td><a href=\"http:\/\/janivgm.com\/manners\/?p=348\">\u00d7\u2022\u00d7\u203a\u00d7\u0090\u00d7\u0178 \u00d7\u017e\u00d7\u00a1\u00d7\u00aa\u00d7\u2122\u00d7\u2122\u00d7\u017e\u00d7\u2122\u00d7\u009d \u00d7\u00a9\u00d7\u2122\u00d7\u201c\u00d7\u2022\u00d7\u00a8\u00d7\u2122\u00d7\u00a0\u00d7\u2022; \u00d7\u0153\u00d7\u203a\u00d7\u2022\u00d7\u0153\u00d7\u203a\u00d7\u009d \u00d7\u0153\u00d7\u2122\u00d7\u0153\u00d7\u201d \u00d7\u02dc\u00d7\u2022\u00d7\u2018<\/a><\/td>\n<td><a href=\"http:\/\/janivgm.com\/manners\">\u00d7\u201c\u00d7\u00a8\u00d7\u0161 \u00d7\u0090\u00d7\u00a8\u00d7\u00a5<\/a>, <a href=\"http:\/\/msradio.huji.ac.il\/AddDocuments\/listen.htm\">\u00d7\u00a8\u00d7\u201c\u00d7\u2122\u00d7\u2022 \u00d7\u201d\u00d7\u00a8 \u00d7\u201d\u00d7\u00a6\u00d7\u2022\u00d7\u00a4\u00d7\u2122\u00d7\u009d<\/a><\/td>\n<\/tr>\n<tr>\n<td>2010\/3\/14<\/td>\n<td>\u00d7\u2122\u00d7\u00a0\u00d7\u2122\u00d7\u2018 \u00d7\u2019\u00d7\u2018\u00d7\u0090\u00d7\u2122-\u00d7\u017e\u00d7\u2122\u00d7\u0153\u00d7\u00a8<\/td>\n<td><a href=\"http:\/\/janivgm.com\/manners\/?p=172\">\u00d7\u203a\u00d7\u2122 \u00d7\u02dc\u00d7\u2122\u00d7\u00a4\u00d7\u201d, \u00d7\u00a2\u00d7\u2022\u00d7\u201c \u00d7\u02dc\u00d7\u2122\u00d7\u00a4\u00d7\u201d, \u00d7\u00a2\u00d7\u2022\u00d7\u201c \u00d7\u02dc\u00d7\u2122\u00d7\u00a4\u00d7\u201d, \u00d7\u00a2\u00d7\u2022\u00d7\u201c \u00d7\u02dc\u00d7\u2122\u00d7\u00a4\u00d7\u201d, \u00d7\u00aa\u00d7\u201d\u00d7\u2122\u00d7\u2122\u00d7\u00a0\u00d7\u201d \u00d7\u0153\u00d7\u2122\u00d7\u009d<\/a><\/td>\n<td><a href=\"http:\/\/janivgm.com\/manners\">\u00d7\u201c\u00d7\u00a8\u00d7\u0161 \u00d7\u0090\u00d7\u00a8\u00d7\u00a5<\/a>, <a href=\"http:\/\/msradio.huji.ac.il\/AddDocuments\/listen.htm\">\u00d7\u00a8\u00d7\u201c\u00d7\u2122\u00d7\u2022 \u00d7\u201d\u00d7\u00a8 \u00d7\u201d\u00d7\u00a6\u00d7\u2022\u00d7\u00a4\u00d7\u2122\u00d7\u009d<\/a><\/td>\n<\/tr>\n<\/table>\n<p><\/p>\n<p>\u00d7\u0090\u00d7\u2013\u00d7\u203a\u00d7\u2022\u00d7\u00a8\u00d7\u2122\u00d7\u009d \u00d7\u00a7\u00d7\u00a6\u00d7\u00a8\u00d7\u00a6\u00d7\u00a8\u00d7\u2122\u00d7\u009d, \u00d7\u0153\u00d7\u2122\u00d7\u00a0\u00d7\u00a7\u00d7\u2122\u00d7\u009d \u00d7\u2022\u00d7\u00a6\u00d7\u2122\u00d7\u2022\u00d7\u00a6\u00d7\u2122\u00d7\u009d:<\/p>\n<table class=\"media\">\n<tr>\n<td>2010\/10\/27<\/td>\n<td>\u00d7\u017e\u00d7\u00a8\u00d7\u2122\u00d7\u00aa \u00d7\u2018\u00d7\u0178 \u00d7\u2122\u00d7\u00a9\u00d7\u00a8\u00d7\u0090\u00d7\u0153<\/td>\n<td><a href=\"http:\/\/maritbenisrael.wordpress.com\/2010\/03\/31\/%d7%97%d7%93%d7%a9%d7%95%d7%aa-%d7%94%d7%a1%d7%a4%d7%a8%d7%99%d7%99%d7%94\/\">\u00d7\u2014\u00d7\u201c\u00d7\u00a9\u00d7\u2022\u00d7\u00aa \u00d7\u201d\u00d7\u00a1\u00d7\u00a4\u00d7\u00a8\u00d7\u2122\u00d7\u201d<\/a><\/td>\n<td><a href=\"http:\/\/maritbenisrael.wordpress.com\/\">\u00d7\u00a2\u00d7\u2122\u00d7\u00a8-\u00d7\u201d\u00d7\u0090\u00d7\u2022\u00d7\u00a9\u00d7\u00a8<\/a><\/td>\n<\/tr>\n<tr>\n<td>2010\/10\/01<\/td>\n<td>\u00d7\u201d\u00d7\u00a2\u00d7\u2122\u00d7\u0178 \u00d7\u201d\u00d7\u00a9\u00d7\u2018\u00d7\u2122\u00d7\u00a2\u00d7\u2122\u00d7\u00aa<\/td>\n<td>(<a href=\"http:\/\/www.facebook.com\/the7theye\/posts\/143752542335936\">\u00d7\u00a4\u00d7\u2122\u00d7\u2122\u00d7\u00a1\u00d7\u2018\u00d7\u2022\u00d7\u00a7<\/a>)<\/td>\n<td><a href=\"http:\/\/www.the7eye.org.il\/\">\u00d7\u201d\u00d7\u00a2\u00d7\u2122\u00d7\u0178 \u00d7\u201d\u00d7\u00a9\u00d7\u2018\u00d7\u2122\u00d7\u00a2\u00d7\u2122\u00d7\u00aa<\/a><\/td>\n<\/tr>\n<tr>\n<td>2010\/9\/24<\/td>\n<td>\u00d7\u00a2\u00d7\u00a0\u00d7\u2018\u00d7\u0153 \u00d7\u00a9\u00d7\u2019\u00d7\u2122\u00d7\u2018<\/td>\n<td><a href=\"http:\/\/www.metargemet.com\/archives\/238\">\u00d7\u00a1\u00d7\u00a4\u00d7\u00a8\u00d7\u2122\u00d7\u009d, \u00d7\u00a1\u00d7\u2022\u00d7\u00a4\u00d7\u00a8\u00d7\u2022\u00d6\u00b9\u00d7\u00aa, \u00d7\u00a1\u00d7\u00a4\u00d7\u00a8\u00d7\u2022\u00d6\u00bc\u00d7\u00aa<\/a><\/td>\n<td><a href=\"http:\/\/www.metargemet.com\/\">\u00d7\u00a2\u00d7\u00a0\u00d7\u2018\u00d7\u0153 \u00d7\u00a9\u00d7\u2019\u00d7\u2122\u00d7\u2018, \u00d7\u017e\u00d7\u00aa\u00d7\u00a8\u00d7\u2019\u00d7\u017e\u00d7\u00aa<\/a><\/td>\n<\/tr>\n<tr>\n<td>2010\/9\/22<\/td>\n<td>\u00d7\u00a8\u00d7\u2022\u00d7\u00a2\u00d7\u2122 \u00d7\u00a6\u00d7\u00b3\u00d7\u2122\u00d7\u00a7\u00d7\u2122 \u00d7\u0090\u00d7\u00a8\u00d7\u201c<\/td>\n<td><a href=\"http:\/\/chicky00.wordpress.com\/2010\/09\/22\/%D7%94%D7%95%D7%A4%D7%A2%D7%94-%D7%A9%D7%9C%D7%99-%D7%9E%D7%97%D7%A8-%D7%91%D7%91%D7%A8-%D7%94%D7%A4%D7%99%D7%9C\/\">\u00d7\u201d\u00d7\u2022\u00d7\u00a4\u00d7\u00a2\u00d7\u201d \u00d7\u00a9\u00d7\u0153\u00d7\u2122 \u00d7\u017e\u00d7\u2014\u00d7\u00a8 \u00d7\u2018\u00d7\u2018\u00d7\u00a8 \u00d7\u201d\u00d7\u00a4\u00d7\u2122\u00d7\u0153<\/a><\/td>\n<td><a href=\"http:\/\/chicky00.wordpress.com\/\">\u00d7\u00a6\u00d7\u2022\u00d7\u2022\u00d7\u2014\u00d7\u00aa \u00d7\u00a9\u00d7\u00a2\u00d7\u2022\u00d7\u0178 \u00d7\u201d\u00d7\u017e\u00d7\u2014\u00d7\u00a9\u00d7\u2018<\/a><\/td>\n<\/tr>\n<tr>\n<td>2010\/9\/22<\/td>\n<td>\u00d7\u2122\u00d7\u2022\u00d7\u0153\u00d7\u2122\u00d7\u201d \/ \u00d7\u00a9\u00d7\u201c\u00d7\u2022\u00d7\u00a0\u00d7\u2122\u00d7\u00aa<\/td>\n<td>(<a href=\"http:\/\/twitter.com\/shedonit\/statuses\/25194273845\">\u00d7\u00a6\u00d7\u2122\u00d7\u2022\u00d7\u00a5<\/a>)<\/td>\n<td><a href=\"http:\/\/twitter.com\/shedonit\">shedonit<\/a><\/td>\n<\/tr>\n<tr>\n<td>&nbsp;<\/td>\n<td>\u00d7\u2122\u00d7\u2022\u00d7\u00a1\u00d7\u2122 \u00d7\u00a8\u00d7\u2022\u00d7\u2013\u00d7\u00a0\u00d7\u017e\u00d7\u0178<\/td>\n<td>(<a href=\"http:\/\/rozenman.cafe.themarker.com\/\">\u00d7\u00a7\u00d7\u2122\u00d7\u00a9\u00d7\u2022\u00d7\u00a8 \u00d7\u00a7\u00d7\u2018\u00d7\u2022\u00d7\u00a2<\/a>)<\/td>\n<td><a href=\"http:\/\/rozenman.cafe.themarker.com\/\">\u00d7\u2122\u00d7\u2022\u00d7\u00a1\u00d7\u2122 \u00d7\u00a8\u00d7\u2022\u00d7\u2013\u00d7\u00a0\u00d7\u017e\u00d7\u0178<\/a><\/td>\n<\/tr>\n<tr>\n<td>&nbsp;<\/td>\n<td>&nbsp;<\/td>\n<td><a href=\"http:\/\/www.kolyom.co.il\/Site.php?SiteID=52523\">\u00d7\u2018\u00d7\u2018\u00d7\u0153 &#8211; \u00d7\u203a\u00d7\u00aa\u00d7\u2018 \u00d7\u00a2\u00d7\u00aa \u00d7\u0153\u00d7\u00aa\u00d7\u00a8\u00d7\u2019\u00d7\u2022\u00d7\u009d<\/a><\/td>\n<td><a href=\"http:\/\/www.kolyom.co.il\/\">\u00d7\u203a\u00d7\u0153\u00d7\u2122\u00d7\u2022\u00d7\u009d<\/a><\/td>\n<\/tr>\n<tr>\n<td>&nbsp;<\/td>\n<td>&nbsp;<\/td>\n<td><a href=\"http:\/\/www.delicious.com\/url\/b1d444dcb5109a1568222db00fa3aba7\">\u00d7\u2018\u00d7\u2018\u00d7\u0153: \u00d7\u203a\u00d7\u00aa\u00d7\u2018\u00d6\u00be\u00d7\u00a2\u00d7\u00aa \u00d7\u0153\u00d7\u00aa\u00d7\u00a8\u00d7\u2019\u00d7\u2022\u00d7\u009d \u00d7\u017e\u00d7\u0153\u00d7\u00a9\u00d7\u2022\u00d7\u00a0\u00d7\u2022\u00d7\u00aa \u00d7\u201d\u00d7\u00a2\u00d7\u2022\u00d7\u0153\u00d7\u009d<\/a><\/td>\n<td><a href=\"http:\/\/www.delicious.com\">delicious<\/a><\/td>\n<\/table>\n","protected":false},"excerpt":{"rendered":"<p>\u00d7\u0090\u00d7\u009d \u00d7\u2014\u00d7\u00a1\u00d7\u00a8 \u00d7\u0090\u00d7\u2013\u00d7\u203a\u00d7\u2022\u00d7\u00a8 \u00d7\u2018\u00d7\u00a8\u00d7\u00a9\u00d7\u2122\u00d7\u017e\u00d7\u201d, \u00d7\u2018\u00d7\u2018\u00d7\u00a7\u00d7\u00a9\u00d7\u201d \u00d7\u2122\u00d7\u201c\u00d7\u00a2\u00d7\u2022 \u00d7\u0090\u00d7\u2022\u00d7\u00aa\u00d7\u2122. 2010\/12\/12 \u00d7\u00a1\u00d7\u2122\u00d7\u00a4\u00d7\u2022\u00d7\u00a8\u00d7\u2122\u00d7\u009d \u00d7\u00a9\u00d7\u0153 \u00d7\u0090\u00d7\u2014\u00d7\u00a8\u00d7\u2122\u00d7\u009d \u00d7\u2122\u00d7\u201c\u00d7\u2122\u00d7\u00a2\u00d7\u2022\u00d7\u00aa \u00d7\u0090\u00d7\u2014\u00d7\u00a8\u00d7\u2022\u00d7\u00a0\u00d7\u2022\u00d7\u00aa, \u00d7\u017e\u00d7\u017e\u00d7\u2022\u00d7\u0178, \u00d7\u017e\u00d7\u201c\u00d7\u2022\u00d7\u00a8 \u00d7\u201d\u00d7\u017e\u00d7\u2014\u00d7\u00a9\u00d7\u2018\u00d7\u2122\u00d7\u009d, \u00d7\u00a4\u00d7\u2122\u00d7\u2122\u00d7\u2018\u00d7\u2022\u00d7\u00a8\u00d7\u2122\u00d7\u02dc 2010\/11\/152010\/11\/20 \u00d7\u0090\u00d7\u00a4\u00d7\u00a8\u00d7\u00aa \u00d7\u2018\u00d7\u2013\u00d7\u00a8\u00d7\u00a7\u00d7\u2022\u00d7\u0178, \u00d7\u00aa\u00d7\u017e\u00d7\u00a8 \u00d7\u201d\u00d7\u2022\u00d7\u203a\u00d7\u00a9\u00d7\u02dc\u00d7\u02dc\u00d7\u00a8, \u00d7\u2122\u00d7\u2022\u00d7\u201c\u00d7\u201d \u00d7\u00a8\u00d7\u2022\u00d7\u00a0\u00d7\u0178, \u00d7\u2122\u00d7\u2022\u00d7\u00aa\u00d7\u00a8 \u00d7\u00a9\u00d7\u2022\u00d7\u2022\u00d7\u2122\u00d7\u017e\u00d7\u00a8 \u00d7\u203a\u00d7\u00aa\u00d7\u2018\u00d7\u2122\u00d6\u00be\u00d7\u00a2\u00d7\u00aa \u00d7\u017e\u00d7\u00a7\u00d7\u2022\u00d7\u2022\u00d7\u00a0\u00d7\u2122\u00d7\u009d \u00d7\u2018\u00d7\u00a1\u00d7\u2122\u00d7\u017e\u00d7\u0178 \u00d7\u00a7\u00d7\u00a8\u00d7\u2122\u00d7\u0090\u00d7\u201d, \u00d7\u00a8\u00d7\u00a9\u00d7\u00aa \u00d7\u0090\u00d7\u00b3 2010\/9\/27 \u00d7\u2018\u00d7\u0178 \u00d7\u0153\u00d7\u2122 \u00d7\u2018\u00d7\u2018\u00d7\u0153: \u00d7\u203a\u00d7\u00aa\u00d7\u2018 \u00d7\u00a2\u00d7\u00aa \u00d7\u0153\u00d7\u00aa\u00d7\u00a8\u00d7\u2019\u00d7\u2022\u00d7\u009d \u00d7\u017e\u00d7\u0153\u00d7\u00a9\u00d7\u2022\u00d7\u00a0\u00d7\u2022\u00d7\u00aa \u00d7\u201d\u00d7\u00a2\u00d7\u2022\u00d7\u0153\u00d7\u009d \u00d7\u201c\u00d7\u2019\u00d7\u00a9 \u00d7\u00a7\u00d7\u0153 2010\/9\/25 \u00d7\u2019\u00d7\u2122\u00d7\u0090\u00d7\u2014\u00d7\u201d \u00d7\u00a2\u00d7\u2022\u00d7\u00a0\u00d7\u2019 \u00d7\u00a9\u00d7\u2018\u00d7\u00aa: \u00d7\u0090\u00d7\u009d \u00d7\u203a\u00d7\u2018\u00d7\u00a8 \u00d7\u0153\u00d7\u00a4\u00d7\u00a8\u00d7\u2022\u00d7\u00a9 \u00d7\u0090\u00d7\u2013 \u00d7\u2018\u00d7\u00a1\u00d7\u2122\u00d7\u00a1\u00d7\u02dc* \u00d7\u00a2\u00d7\u2022\u00d7\u00a0\u00d7\u2019 \u00d7\u00a9\u00d7\u2018\u00d7\u00aa 2010\/9\/23 [&hellip;]<\/p>\n","protected":false},"author":1,"featured_media":0,"parent":0,"menu_order":7,"comment_status":"open","ping_status":"open","template":"","meta":[],"_links":{"self":[{"href":"https:\/\/bbl.digitalwords.net\/index.php?rest_route=\/wp\/v2\/pages\/37"}],"collection":[{"href":"https:\/\/bbl.digitalwords.net\/index.php?rest_route=\/wp\/v2\/pages"}],"about":[{"href":"https:\/\/bbl.digitalwords.net\/index.php?rest_route=\/wp\/v2\/types\/page"}],"author":[{"embeddable":true,"href":"https:\/\/bbl.digitalwords.net\/index.php?rest_route=\/wp\/v2\/users\/1"}],"replies":[{"embeddable":true,"href":"https:\/\/bbl.digitalwords.net\/index.php?rest_route=%2Fwp%2Fv2%2Fcomments&post=37"}],"version-history":[{"count":0,"href":"https:\/\/bbl.digitalwords.net\/index.php?rest_route=\/wp\/v2\/pages\/37\/revisions"}],"wp:attachment":[{"href":"https:\/\/bbl.digitalwords.net\/index.php?rest_route=%2Fwp%2Fv2%2Fmedia&parent=37"}],"curies":[{"name":"wp","href":"https:\/\/api.w.org\/{rel}","templated":true}]}}